{"id":801,"date":"2021-04-30T11:23:12","date_gmt":"2021-04-30T16:23:12","guid":{"rendered":"https:\/\/adryma.com\/?page_id=801"},"modified":"2021-04-30T16:39:59","modified_gmt":"2021-04-30T21:39:59","slug":"normatividad","status":"publish","type":"page","link":"https:\/\/adryma.com\/index.php\/normatividad\/","title":{"rendered":"DOCUMENTACI\u00d3N"},"content":{"rendered":"\t\t<div data-elementor-type=\"wp-page\" data-elementor-id=\"801\" class=\"elementor elementor-801\">\n\t\t\t\t\t\t<section class=\"elementor-section elementor-top-section elementor-element elementor-element-92206f3 elementor-section-stretched elementor-section-boxed elementor-section-height-default elementor-section-height-default\" data-id=\"92206f3\" data-element_type=\"section\" data-settings=\"{&quot;stretch_section&quot;:&quot;section-stretched&quot;}\">\n\t\t\t\t\t\t<div class=\"elementor-container elementor-column-gap-default\">\n\t\t\t\t\t<div class=\"elementor-column elementor-col-100 elementor-top-column elementor-element elementor-element-f6155d5\" data-id=\"f6155d5\" data-element_type=\"column\">\n\t\t\t<div class=\"elementor-widget-wrap elementor-element-populated\">\n\t\t\t\t\t\t<div class=\"elementor-element elementor-element-6b17bb6 elementor-widget elementor-widget-toggle\" data-id=\"6b17bb6\" data-element_type=\"widget\" data-widget_type=\"toggle.default\">\n\t\t\t\t<div class=\"elementor-widget-container\">\n\t\t\t\t\t\t\t<div class=\"elementor-toggle\">\n\t\t\t\t\t\t\t<div class=\"elementor-toggle-item\">\n\t\t\t\t\t<div id=\"elementor-tab-title-1121\" class=\"elementor-tab-title\" data-tab=\"1\" role=\"button\" aria-controls=\"elementor-tab-content-1121\" aria-expanded=\"false\">\n\t\t\t\t\t\t\t\t\t\t\t\t<span class=\"elementor-toggle-icon elementor-toggle-icon-left\" aria-hidden=\"true\">\n\t\t\t\t\t\t\t\t\t\t\t\t\t\t\t<span class=\"elementor-toggle-icon-closed\"><i class=\"fas fa-caret-right\"><\/i><\/span>\n\t\t\t\t\t\t\t\t<span class=\"elementor-toggle-icon-opened\"><i class=\"elementor-toggle-icon-opened fas fa-caret-up\"><\/i><\/span>\n\t\t\t\t\t\t\t\t\t\t\t\t\t<\/span>\n\t\t\t\t\t\t\t\t\t\t\t\t<a class=\"elementor-toggle-title\" tabindex=\"0\">Documentaci\u00f3n ADRYMA<\/a>\n\t\t\t\t\t<\/div>\n\n\t\t\t\t\t<div id=\"elementor-tab-content-1121\" class=\"elementor-tab-content elementor-clearfix\" data-tab=\"1\" role=\"region\" aria-labelledby=\"elementor-tab-title-1121\"><ul>\n \t<li><a href=\"https:\/\/adryma.com\/Normatividad\/CONTRATO%20DE%20CONDICIONES%20UNIFORMES.pdf\" target=\"_blank\" rel=\"noopener\">CONTRATO DE CONDICIONES UNIFORMES<\/a><\/li>\n \t<li><a href=\"https:\/\/adryma.com\/Normatividad\/TONELADAS%20APROVECHADAS-RECHAZASADAS.pdf\" target=\"_blank\" rel=\"noopener\">TONELADAS APROVECHADAS RECHAZADAS<\/a><\/li>\n<\/ul><\/div>\n\t\t\t\t<\/div>\n\t\t\t\t\t\t\t<div class=\"elementor-toggle-item\">\n\t\t\t\t\t<div id=\"elementor-tab-title-1122\" class=\"elementor-tab-title\" data-tab=\"2\" role=\"button\" aria-controls=\"elementor-tab-content-1122\" aria-expanded=\"false\">\n\t\t\t\t\t\t\t\t\t\t\t\t<span class=\"elementor-toggle-icon elementor-toggle-icon-left\" aria-hidden=\"true\">\n\t\t\t\t\t\t\t\t\t\t\t\t\t\t\t<span class=\"elementor-toggle-icon-closed\"><i class=\"fas fa-caret-right\"><\/i><\/span>\n\t\t\t\t\t\t\t\t<span class=\"elementor-toggle-icon-opened\"><i class=\"elementor-toggle-icon-opened fas fa-caret-up\"><\/i><\/span>\n\t\t\t\t\t\t\t\t\t\t\t\t\t<\/span>\n\t\t\t\t\t\t\t\t\t\t\t\t<a class=\"elementor-toggle-title\" tabindex=\"0\">Documentaci\u00f3n Normativa<\/a>\n\t\t\t\t\t<\/div>\n\n\t\t\t\t\t<div id=\"elementor-tab-content-1122\" class=\"elementor-tab-content elementor-clearfix\" data-tab=\"2\" role=\"region\" aria-labelledby=\"elementor-tab-title-1122\"><ul>\n \t<li><a href=\"https:\/\/adryma.com\/Normatividad\/LEY%20142%20DE%201994.pdf\" target=\"_blank\" rel=\"noopener\">LEY 142 DE 1994<\/a><\/li>\n \t<li><a href=\"https:\/\/adryma.com\/Normatividad\/LEY%20689%20DE%202001.pdf\" target=\"_blank\" rel=\"noopener\">LEY 689 DE 2001<\/a><\/li>\n \t<li><a href=\"https:\/\/adryma.com\/Normatividad\/DECRETO%202981%20DE%202013.pdf\" target=\"_blank\" rel=\"noopener\">DECRETO 2981 DE 2013<\/a><\/li>\n \t<li><a href=\"https:\/\/adryma.com\/Normatividad\/RESOLUCION%200154%20DE%202014%20MVCT.pdf\" target=\"_blank\" rel=\"noopener\">RESOLUCI\u00d3N 0154 DE 2014 MVCT<\/a><\/li>\n \t<li><a href=\"https:\/\/adryma.com\/Normatividad\/RESOLUCI%C3%93N%200754%20DE%202014%20MVCT.pdf\" target=\"_blank\" rel=\"noopener\">RESOLUCI\u00d3N 0754 DE 2014 MVCT<\/a><\/li>\n \t<li><a href=\"https:\/\/adryma.com\/Normatividad\/DECRETO%201077%202015.pdf\" target=\"_blank\" rel=\"noopener\">DECRETO 1077 2015<\/a><\/li>\n \t<li><a href=\"https:\/\/adryma.com\/Normatividad\/RESOLUCI%C3%93N%20CRA%20720%20DE%202015.pdf\" target=\"_blank\" rel=\"noopener\">RESOLUCI\u00d3N CRA 720 DE 2016<\/a><\/li>\n \t<li><a href=\"https:\/\/adryma.com\/Normatividad\/RESOLUCION%20276%20DE%202016.pdf\" target=\"_blank\" rel=\"noopener\">RESOLUCI\u00d3N 276 DE 2016<\/a><\/li>\n \t<li><a href=\"https:\/\/adryma.com\/Normatividad\/DECRETO_596_DE_2016.pdf\" target=\"_blank\" rel=\"noopener\">DECRETO 596 DE 2016<\/a><\/li>\n \t<li><a href=\"https:\/\/adryma.com\/Normatividad\/CIRCULAR_CONUNTA_01_DE_2017.pdf\" target=\"_blank\" rel=\"noopener\">CIRCULAR CONUNTA 01 DE 2017<\/a><\/li>\n<\/ul><\/div>\n\t\t\t\t<\/div>\n\t\t\t\t\t\t\t\t\t\t<script type=\"application\/ld+json\">{\"@context\":\"https:\\\/\\\/schema.org\",\"@type\":\"FAQPage\",\"mainEntity\":[{\"@type\":\"Question\",\"name\":\"Documentaci\\u00f3n ADRYMA\",\"acceptedAnswer\":{\"@type\":\"Answer\",\"text\":\"<ul>\\n \\t<li><a href=\\\"https:\\\/\\\/adryma.com\\\/Normatividad\\\/CONTRATO%20DE%20CONDICIONES%20UNIFORMES.pdf\\\" target=\\\"_blank\\\" rel=\\\"noopener\\\">CONTRATO DE CONDICIONES UNIFORMES<\\\/a><\\\/li>\\n \\t<li><a href=\\\"https:\\\/\\\/adryma.com\\\/Normatividad\\\/TONELADAS%20APROVECHADAS-RECHAZASADAS.pdf\\\" target=\\\"_blank\\\" rel=\\\"noopener\\\">TONELADAS APROVECHADAS RECHAZADAS<\\\/a><\\\/li>\\n<\\\/ul>\"}},{\"@type\":\"Question\",\"name\":\"Documentaci\\u00f3n Normativa\",\"acceptedAnswer\":{\"@type\":\"Answer\",\"text\":\"<ul>\\n \\t<li><a href=\\\"https:\\\/\\\/adryma.com\\\/Normatividad\\\/LEY%20142%20DE%201994.pdf\\\" target=\\\"_blank\\\" rel=\\\"noopener\\\">LEY 142 DE 1994<\\\/a><\\\/li>\\n \\t<li><a href=\\\"https:\\\/\\\/adryma.com\\\/Normatividad\\\/LEY%20689%20DE%202001.pdf\\\" target=\\\"_blank\\\" rel=\\\"noopener\\\">LEY 689 DE 2001<\\\/a><\\\/li>\\n \\t<li><a href=\\\"https:\\\/\\\/adryma.com\\\/Normatividad\\\/DECRETO%202981%20DE%202013.pdf\\\" target=\\\"_blank\\\" rel=\\\"noopener\\\">DECRETO 2981 DE 2013<\\\/a><\\\/li>\\n \\t<li><a href=\\\"https:\\\/\\\/adryma.com\\\/Normatividad\\\/RESOLUCION%200154%20DE%202014%20MVCT.pdf\\\" target=\\\"_blank\\\" rel=\\\"noopener\\\">RESOLUCI\\u00d3N 0154 DE 2014 MVCT<\\\/a><\\\/li>\\n \\t<li><a href=\\\"https:\\\/\\\/adryma.com\\\/Normatividad\\\/RESOLUCI%C3%93N%200754%20DE%202014%20MVCT.pdf\\\" target=\\\"_blank\\\" rel=\\\"noopener\\\">RESOLUCI\\u00d3N 0754 DE 2014 MVCT<\\\/a><\\\/li>\\n \\t<li><a href=\\\"https:\\\/\\\/adryma.com\\\/Normatividad\\\/DECRETO%201077%202015.pdf\\\" target=\\\"_blank\\\" rel=\\\"noopener\\\">DECRETO 1077 2015<\\\/a><\\\/li>\\n \\t<li><a href=\\\"https:\\\/\\\/adryma.com\\\/Normatividad\\\/RESOLUCI%C3%93N%20CRA%20720%20DE%202015.pdf\\\" target=\\\"_blank\\\" rel=\\\"noopener\\\">RESOLUCI\\u00d3N CRA 720 DE 2016<\\\/a><\\\/li>\\n \\t<li><a href=\\\"https:\\\/\\\/adryma.com\\\/Normatividad\\\/RESOLUCION%20276%20DE%202016.pdf\\\" target=\\\"_blank\\\" rel=\\\"noopener\\\">RESOLUCI\\u00d3N 276 DE 2016<\\\/a><\\\/li>\\n \\t<li><a href=\\\"https:\\\/\\\/adryma.com\\\/Normatividad\\\/DECRETO_596_DE_2016.pdf\\\" target=\\\"_blank\\\" rel=\\\"noopener\\\">DECRETO 596 DE 2016<\\\/a><\\\/li>\\n \\t<li><a href=\\\"https:\\\/\\\/adryma.com\\\/Normatividad\\\/CIRCULAR_CONUNTA_01_DE_2017.pdf\\\" target=\\\"_blank\\\" rel=\\\"noopener\\\">CIRCULAR CONUNTA 01 DE 2017<\\\/a><\\\/li>\\n<\\\/ul>\"}}]}<\/script>\n\t\t\t\t\t<\/div>\n\t\t\t\t\t\t<\/div>\n\t\t\t\t<\/div>\n\t\t\t\t\t<\/div>\n\t\t<\/div>\n\t\t\t\t\t<\/div>\n\t\t<\/section>\n\t\t\t\t<section class=\"elementor-section elementor-top-section elementor-element elementor-element-b6bec7f elementor-section-boxed elementor-section-height-default elementor-section-height-default\" data-id=\"b6bec7f\" data-element_type=\"section\">\n\t\t\t\t\t\t<div class=\"elementor-container elementor-column-gap-default\">\n\t\t\t\t\t<div class=\"elementor-column elementor-col-100 elementor-top-column elementor-element elementor-element-8ab3652\" data-id=\"8ab3652\" data-element_type=\"column\">\n\t\t\t<div class=\"elementor-widget-wrap elementor-element-populated\">\n\t\t\t\t\t\t<div class=\"elementor-element elementor-element-eae483a elementor-widget elementor-widget-heading\" data-id=\"eae483a\" data-element_type=\"widget\" data-widget_type=\"heading.default\">\n\t\t\t\t<div class=\"elementor-widget-container\">\n\t\t\t\t\t<h2 class=\"elementor-heading-title elementor-size-default\">Entidades de control<\/h2>\t\t\t\t<\/div>\n\t\t\t\t<\/div>\n\t\t\t\t\t<\/div>\n\t\t<\/div>\n\t\t\t\t\t<\/div>\n\t\t<\/section>\n\t\t\t\t<section class=\"elementor-section elementor-top-section elementor-element elementor-element-d8e5729 elementor-section-stretched elementor-section-boxed elementor-section-height-default elementor-section-height-default\" data-id=\"d8e5729\" data-element_type=\"section\" data-settings=\"{&quot;stretch_section&quot;:&quot;section-stretched&quot;}\">\n\t\t\t\t\t\t<div class=\"elementor-container elementor-column-gap-default\">\n\t\t\t\t\t<div class=\"elementor-column elementor-col-33 elementor-top-column elementor-element elementor-element-32a1e3b\" data-id=\"32a1e3b\" data-element_type=\"column\">\n\t\t\t<div class=\"elementor-widget-wrap elementor-element-populated\">\n\t\t\t\t\t\t<div class=\"elementor-element elementor-element-973ec62 elementor-widget elementor-widget-image\" data-id=\"973ec62\" data-element_type=\"widget\" data-widget_type=\"image.default\">\n\t\t\t\t<div class=\"elementor-widget-container\">\n\t\t\t\t\t\t\t\t\t\t\t\t\t\t\t<img decoding=\"async\" width=\"378\" height=\"120\" src=\"https:\/\/adryma.com\/wp-content\/uploads\/2021\/04\/superservicios.png\" class=\"attachment-large size-large wp-image-839\" alt=\"\" srcset=\"https:\/\/adryma.com\/wp-content\/uploads\/2021\/04\/superservicios.png 378w, https:\/\/adryma.com\/wp-content\/uploads\/2021\/04\/superservicios-300x95.png 300w\" sizes=\"(max-width: 378px) 100vw, 378px\" \/>\t\t\t\t\t\t\t\t\t\t\t\t\t\t\t<\/div>\n\t\t\t\t<\/div>\n\t\t\t\t\t<\/div>\n\t\t<\/div>\n\t\t\t\t<div class=\"elementor-column elementor-col-33 elementor-top-column elementor-element elementor-element-0e8d57c\" data-id=\"0e8d57c\" data-element_type=\"column\">\n\t\t\t<div class=\"elementor-widget-wrap elementor-element-populated\">\n\t\t\t\t\t\t<div class=\"elementor-element elementor-element-1f674c9 elementor-widget elementor-widget-image\" data-id=\"1f674c9\" data-element_type=\"widget\" data-widget_type=\"image.default\">\n\t\t\t\t<div class=\"elementor-widget-container\">\n\t\t\t\t\t\t\t\t\t\t\t\t\t\t\t<img fetchpriority=\"high\" decoding=\"async\" width=\"750\" height=\"182\" src=\"https:\/\/adryma.com\/wp-content\/uploads\/2021\/04\/LOGO-2.png\" class=\"attachment-large size-large wp-image-837\" alt=\"\" srcset=\"https:\/\/adryma.com\/wp-content\/uploads\/2021\/04\/LOGO-2.png 983w, https:\/\/adryma.com\/wp-content\/uploads\/2021\/04\/LOGO-2-300x73.png 300w, https:\/\/adryma.com\/wp-content\/uploads\/2021\/04\/LOGO-2-768x186.png 768w\" sizes=\"(max-width: 750px) 100vw, 750px\" \/>\t\t\t\t\t\t\t\t\t\t\t\t\t\t\t<\/div>\n\t\t\t\t<\/div>\n\t\t\t\t\t<\/div>\n\t\t<\/div>\n\t\t\t\t<div class=\"elementor-column elementor-col-33 elementor-top-column elementor-element elementor-element-8a19cb6\" data-id=\"8a19cb6\" data-element_type=\"column\">\n\t\t\t<div class=\"elementor-widget-wrap elementor-element-populated\">\n\t\t\t\t\t\t<div class=\"elementor-element elementor-element-f1014bc elementor-widget elementor-widget-image\" data-id=\"f1014bc\" data-element_type=\"widget\" data-widget_type=\"image.default\">\n\t\t\t\t<div class=\"elementor-widget-container\">\n\t\t\t\t\t\t\t\t\t\t\t\t\t\t\t<img decoding=\"async\" width=\"182\" height=\"166\" src=\"https:\/\/adryma.com\/wp-content\/uploads\/2021\/04\/secretariademedioambiente.gif\" class=\"attachment-large size-large wp-image-838\" alt=\"\" \/>\t\t\t\t\t\t\t\t\t\t\t\t\t\t\t<\/div>\n\t\t\t\t<\/div>\n\t\t\t\t\t<\/div>\n\t\t<\/div>\n\t\t\t\t\t<\/div>\n\t\t<\/section>\n\t\t\t\t<section class=\"elementor-section elementor-top-section elementor-element elementor-element-27e1d26 elementor-section-boxed elementor-section-height-default elementor-section-height-default\" data-id=\"27e1d26\" data-element_type=\"section\">\n\t\t\t\t\t\t<div class=\"elementor-container elementor-column-gap-default\">\n\t\t\t\t\t<div class=\"elementor-column elementor-col-100 elementor-top-column elementor-element elementor-element-e9e3ab5\" data-id=\"e9e3ab5\" data-element_type=\"column\">\n\t\t\t<div class=\"elementor-widget-wrap elementor-element-populated\">\n\t\t\t\t\t\t<div class=\"elementor-element elementor-element-750ea37 elementor-widget elementor-widget-spacer\" data-id=\"750ea37\" data-element_type=\"widget\" data-widget_type=\"spacer.default\">\n\t\t\t\t<div class=\"elementor-widget-container\">\n\t\t\t\t\t\t\t<div class=\"elementor-spacer\">\n\t\t\t<div class=\"elementor-spacer-inner\"><\/div>\n\t\t<\/div>\n\t\t\t\t\t\t<\/div>\n\t\t\t\t<\/div>\n\t\t\t\t\t<\/div>\n\t\t<\/div>\n\t\t\t\t\t<\/div>\n\t\t<\/section>\n\t\t\t\t<\/div>\n\t\t","protected":false},"excerpt":{"rendered":"<p>Documentaci\u00f3n ADRYMA CONTRATO DE CONDICIONES UNIFORMES TONELADAS APROVECHADAS RECHAZADAS Documentaci\u00f3n Normativa LEY 142 DE 1994 LEY 689 DE 2001 DECRETO 2981 DE 2013 RESOLUCI\u00d3N 0154 DE 2014 MVCT RESOLUCI\u00d3N 0754 DE 2014 MVCT DECRETO 1077 2015 RESOLUCI\u00d3N CRA 720 DE 2016 RESOLUCI\u00d3N 276 DE 2016 DECRETO 596 DE 2016 CIRCULAR [&hellip;]<\/p>\n","protected":false},"author":1,"featured_media":0,"parent":0,"menu_order":0,"comment_status":"closed","ping_status":"closed","template":"","meta":{"footnotes":""},"class_list":["post-801","page","type-page","status-publish","hentry"],"aioseo_notices":[],"_links":{"self":[{"href":"https:\/\/adryma.com\/index.php\/wp-json\/wp\/v2\/pages\/801","targetHints":{"allow":["GET"]}}],"collection":[{"href":"https:\/\/adryma.com\/index.php\/wp-json\/wp\/v2\/pages"}],"about":[{"href":"https:\/\/adryma.com\/index.php\/wp-json\/wp\/v2\/types\/page"}],"author":[{"embeddable":true,"href":"https:\/\/adryma.com\/index.php\/wp-json\/wp\/v2\/users\/1"}],"replies":[{"embeddable":true,"href":"https:\/\/adryma.com\/index.php\/wp-json\/wp\/v2\/comments?post=801"}],"version-history":[{"count":51,"href":"https:\/\/adryma.com\/index.php\/wp-json\/wp\/v2\/pages\/801\/revisions"}],"predecessor-version":[{"id":1162,"href":"https:\/\/adryma.com\/index.php\/wp-json\/wp\/v2\/pages\/801\/revisions\/1162"}],"wp:attachment":[{"href":"https:\/\/adryma.com\/index.php\/wp-json\/wp\/v2\/media?parent=801"}],"curies":[{"name":"wp","href":"https:\/\/api.w.org\/{rel}","templated":true}]}}